{"id":70,"date":"2023-03-31T11:51:47","date_gmt":"2023-03-31T11:51:47","guid":{"rendered":"https:\/\/myblog-z7zhjfk8i4.live-website.com\/?page_id=70"},"modified":"2023-03-31T14:09:44","modified_gmt":"2023-03-31T14:09:44","slug":"fiestas","status":"publish","type":"page","link":"https:\/\/myblog-z7zhjfk8i4.live-website.com\/?page_id=70","title":{"rendered":"FIESTAS"},"content":{"rendered":"<h3 class=\"wp-block-heading\">&nbsp;LA TRINIDAD (aproximadamente 40 d\u00edas despu\u00e9s de Semana Santa)<\/h3><p>Las fiestas de La Trinidad son las m\u00e1s religiosas de las dos fiestas patronales, Hormilla tiene una gran devoci\u00f3n por el Cristo de La Trinidad, que se baja del altar mayor muy de vez en cuando, tambien son unas fiestas conocidas por el desfile de los legionarios que a\u00f1o tras a\u00f1o vienen a rendir homenaje a Suceso Terrero Lopez<\/p><h3 class=\"wp-block-heading\">FIESTAS DE GRACIAS (de mi\u00e9rcoles a domingo, siendo el \u00faltimo jueves de agosto)<\/h3><p>Muy conocidas en la zona y con una gran afluencia de gente.<\/p><p>Las actividades programadas por el ayuntamiento y las asociaciones<\/p><p>Las mejores orquestas del panorama nacional<\/p>","protected":false},"excerpt":{"rendered":"<p>&nbsp;LA TRINIDAD (aproximadamente 40 d\u00edas despu\u00e9s de Semana Santa) Las fiestas de La Trinidad son las m\u00e1s religiosas de las dos fiestas patronales, Hormilla tiene una gran devoci\u00f3n por el Cristo de La Trinidad, que se baja del altar mayor muy de vez en cuando, tambien son unas fiestas conocidas por el desfile de los legionarios que a\u00f1o tras a\u00f1o vienen a rendir homenaje a Suceso Terrero Lopez FIESTAS DE GRACIAS (de mi\u00e9rcoles a domingo, siendo el \u00faltimo jueves de agosto) Muy conocidas en la zona y con una gran afluencia de gente. Las actividades programadas por el ayuntamiento y las asociaciones Las mejores orquestas del panorama nacional<\/p>\n","protected":false},"author":1,"featured_media":0,"parent":0,"menu_order":0,"comment_status":"closed","ping_status":"closed","template":"","meta":{"footnotes":""},"class_list":["post-70","page","type-page","status-publish","hentry"],"yoast_head":"<!-- This site is optimized with the Yoast SEO plugin v24.4 - https:\/\/yoast.com\/wordpress\/plugins\/seo\/ -->\n<title>FIESTAS - Hormilla<\/title>\n<meta name=\"robots\" content=\"index, follow, max-snippet:-1, max-image-preview:large, max-video-preview:-1\" \/>\n<link rel=\"canonical\" href=\"https:\/\/myblog-z7zhjfk8i4.live-website.com\/?page_id=70\" \/>\n<meta property=\"og:locale\" content=\"es_ES\" \/>\n<meta property=\"og:type\" content=\"article\" \/>\n<meta property=\"og:title\" content=\"FIESTAS - Hormilla\" \/>\n<meta property=\"og:description\" content=\"&nbsp;LA TRINIDAD (aproximadamente 40 d\u00edas despu\u00e9s de Semana Santa) Las fiestas de La Trinidad son las m\u00e1s religiosas de las dos fiestas patronales, Hormilla tiene una gran devoci\u00f3n por el Cristo de La Trinidad, que se baja del altar mayor muy de vez en cuando, tambien son unas fiestas conocidas por el desfile de los legionarios que a\u00f1o tras a\u00f1o vienen a rendir homenaje a Suceso Terrero Lopez FIESTAS DE GRACIAS (de mi\u00e9rcoles a domingo, siendo el \u00faltimo jueves de agosto) Muy conocidas en la zona y con una gran afluencia de gente. Las actividades programadas por el ayuntamiento y las asociaciones Las mejores orquestas del panorama nacional\" \/>\n<meta property=\"og:url\" content=\"https:\/\/myblog-z7zhjfk8i4.live-website.com\/?page_id=70\" \/>\n<meta property=\"og:site_name\" content=\"Hormilla\" \/>\n<meta property=\"article:modified_time\" content=\"2023-03-31T14:09:44+00:00\" \/>\n<meta name=\"twitter:card\" content=\"summary_large_image\" \/>\n<meta name=\"twitter:label1\" content=\"Tiempo de lectura\" \/>\n\t<meta name=\"twitter:data1\" content=\"1 minuto\" \/>\n<script type=\"application\/ld+json\" class=\"yoast-schema-graph\">{\"@context\":\"https:\/\/schema.org\",\"@graph\":[{\"@type\":\"WebPage\",\"@id\":\"https:\/\/myblog-z7zhjfk8i4.live-website.com\/?page_id=70\",\"url\":\"https:\/\/myblog-z7zhjfk8i4.live-website.com\/?page_id=70\",\"name\":\"FIESTAS - Hormilla\",\"isPartOf\":{\"@id\":\"https:\/\/myblog-z7zhjfk8i4.live-website.com\/#website\"},\"datePublished\":\"2023-03-31T11:51:47+00:00\",\"dateModified\":\"2023-03-31T14:09:44+00:00\",\"breadcrumb\":{\"@id\":\"https:\/\/myblog-z7zhjfk8i4.live-website.com\/?page_id=70#breadcrumb\"},\"inLanguage\":\"es\",\"potentialAction\":[{\"@type\":\"ReadAction\",\"target\":[\"https:\/\/myblog-z7zhjfk8i4.live-website.com\/?page_id=70\"]}]},{\"@type\":\"BreadcrumbList\",\"@id\":\"https:\/\/myblog-z7zhjfk8i4.live-website.com\/?page_id=70#breadcrumb\",\"itemListElement\":[{\"@type\":\"ListItem\",\"position\":1,\"name\":\"Portada\",\"item\":\"https:\/\/myblog-z7zhjfk8i4.live-website.com\/\"},{\"@type\":\"ListItem\",\"position\":2,\"name\":\"FIESTAS\"}]},{\"@type\":\"WebSite\",\"@id\":\"https:\/\/myblog-z7zhjfk8i4.live-website.com\/#website\",\"url\":\"https:\/\/myblog-z7zhjfk8i4.live-website.com\/\",\"name\":\"Hormilla\",\"description\":\"\",\"potentialAction\":[{\"@type\":\"SearchAction\",\"target\":{\"@type\":\"EntryPoint\",\"urlTemplate\":\"https:\/\/myblog-z7zhjfk8i4.live-website.com\/?s={search_term_string}\"},\"query-input\":{\"@type\":\"PropertyValueSpecification\",\"valueRequired\":true,\"valueName\":\"search_term_string\"}}],\"inLanguage\":\"es\"}]}<\/script>\n<!-- \/ Yoast SEO plugin. -->","yoast_head_json":{"title":"FIESTAS - Hormilla","robots":{"index":"index","follow":"follow","max-snippet":"max-snippet:-1","max-image-preview":"max-image-preview:large","max-video-preview":"max-video-preview:-1"},"canonical":"https:\/\/myblog-z7zhjfk8i4.live-website.com\/?page_id=70","og_locale":"es_ES","og_type":"article","og_title":"FIESTAS - Hormilla","og_description":"&nbsp;LA TRINIDAD (aproximadamente 40 d\u00edas despu\u00e9s de Semana Santa) Las fiestas de La Trinidad son las m\u00e1s religiosas de las dos fiestas patronales, Hormilla tiene una gran devoci\u00f3n por el Cristo de La Trinidad, que se baja del altar mayor muy de vez en cuando, tambien son unas fiestas conocidas por el desfile de los legionarios que a\u00f1o tras a\u00f1o vienen a rendir homenaje a Suceso Terrero Lopez FIESTAS DE GRACIAS (de mi\u00e9rcoles a domingo, siendo el \u00faltimo jueves de agosto) Muy conocidas en la zona y con una gran afluencia de gente. Las actividades programadas por el ayuntamiento y las asociaciones Las mejores orquestas del panorama nacional","og_url":"https:\/\/myblog-z7zhjfk8i4.live-website.com\/?page_id=70","og_site_name":"Hormilla","article_modified_time":"2023-03-31T14:09:44+00:00","twitter_card":"summary_large_image","twitter_misc":{"Tiempo de lectura":"1 minuto"},"schema":{"@context":"https:\/\/schema.org","@graph":[{"@type":"WebPage","@id":"https:\/\/myblog-z7zhjfk8i4.live-website.com\/?page_id=70","url":"https:\/\/myblog-z7zhjfk8i4.live-website.com\/?page_id=70","name":"FIESTAS - Hormilla","isPartOf":{"@id":"https:\/\/myblog-z7zhjfk8i4.live-website.com\/#website"},"datePublished":"2023-03-31T11:51:47+00:00","dateModified":"2023-03-31T14:09:44+00:00","breadcrumb":{"@id":"https:\/\/myblog-z7zhjfk8i4.live-website.com\/?page_id=70#breadcrumb"},"inLanguage":"es","potentialAction":[{"@type":"ReadAction","target":["https:\/\/myblog-z7zhjfk8i4.live-website.com\/?page_id=70"]}]},{"@type":"BreadcrumbList","@id":"https:\/\/myblog-z7zhjfk8i4.live-website.com\/?page_id=70#breadcrumb","itemListElement":[{"@type":"ListItem","position":1,"name":"Portada","item":"https:\/\/myblog-z7zhjfk8i4.live-website.com\/"},{"@type":"ListItem","position":2,"name":"FIESTAS"}]},{"@type":"WebSite","@id":"https:\/\/myblog-z7zhjfk8i4.live-website.com\/#website","url":"https:\/\/myblog-z7zhjfk8i4.live-website.com\/","name":"Hormilla","description":"","potentialAction":[{"@type":"SearchAction","target":{"@type":"EntryPoint","urlTemplate":"https:\/\/myblog-z7zhjfk8i4.live-website.com\/?s={search_term_string}"},"query-input":{"@type":"PropertyValueSpecification","valueRequired":true,"valueName":"search_term_string"}}],"inLanguage":"es"}]}},"_links":{"self":[{"href":"https:\/\/myblog-z7zhjfk8i4.live-website.com\/index.php?rest_route=\/wp\/v2\/pages\/70","targetHints":{"allow":["GET"]}}],"collection":[{"href":"https:\/\/myblog-z7zhjfk8i4.live-website.com\/index.php?rest_route=\/wp\/v2\/pages"}],"about":[{"href":"https:\/\/myblog-z7zhjfk8i4.live-website.com\/index.php?rest_route=\/wp\/v2\/types\/page"}],"author":[{"embeddable":true,"href":"https:\/\/myblog-z7zhjfk8i4.live-website.com\/index.php?rest_route=\/wp\/v2\/users\/1"}],"replies":[{"embeddable":true,"href":"https:\/\/myblog-z7zhjfk8i4.live-website.com\/index.php?rest_route=%2Fwp%2Fv2%2Fcomments&post=70"}],"version-history":[{"count":2,"href":"https:\/\/myblog-z7zhjfk8i4.live-website.com\/index.php?rest_route=\/wp\/v2\/pages\/70\/revisions"}],"predecessor-version":[{"id":179,"href":"https:\/\/myblog-z7zhjfk8i4.live-website.com\/index.php?rest_route=\/wp\/v2\/pages\/70\/revisions\/179"}],"wp:attachment":[{"href":"https:\/\/myblog-z7zhjfk8i4.live-website.com\/index.php?rest_route=%2Fwp%2Fv2%2Fmedia&parent=70"}],"curies":[{"name":"wp","href":"https:\/\/api.w.org\/{rel}","templated":true}]}}