{"id":632,"date":"2023-04-13T14:31:15","date_gmt":"2023-04-13T14:31:15","guid":{"rendered":"https:\/\/myblog-z7zhjfk8i4.live-website.com\/?page_id=632"},"modified":"2023-04-13T14:31:16","modified_gmt":"2023-04-13T14:31:16","slug":"economia-y-pymes","status":"publish","type":"page","link":"https:\/\/myblog-z7zhjfk8i4.live-website.com\/?page_id=632","title":{"rendered":"ECONOMIA Y PYMES"},"content":{"rendered":"<p>El 90%&nbsp;del municipio se corresponde con terrenos cultivables, Los cultivos mas extensos son el trigo, la cebada y vid; el cultivo de la pera conferencia ha incrementado su superficie en los \u00faltimos a\u00f1os. El sector industrial est\u00e1 representado por peque\u00f1os talleres mec\u00e1nica de coches, la construcci\u00f3n, f\u00e1brica de morcillas, bodegas vin\u00edcolas, etc&#8230;<\/p><p>Hormilla tambi\u00e9n cuenta de pol\u00edgono industrial con una \u00e1rea de servicio con gasolinera y hotel.<\/p>","protected":false},"excerpt":{"rendered":"<p>El 90%&nbsp;del municipio se corresponde con terrenos cultivables, Los cultivos mas extensos son el trigo, la cebada y vid; el cultivo de la pera conferencia ha incrementado su superficie en los \u00faltimos a\u00f1os. El sector industrial est\u00e1 representado por peque\u00f1os talleres mec\u00e1nica de coches, la construcci\u00f3n, f\u00e1brica de morcillas, bodegas vin\u00edcolas, etc&#8230; Hormilla tambi\u00e9n cuenta de pol\u00edgono industrial con una \u00e1rea de servicio con gasolinera y hotel.<\/p>\n","protected":false},"author":1,"featured_media":0,"parent":0,"menu_order":0,"comment_status":"open","ping_status":"closed","template":"","meta":{"footnotes":""},"class_list":["post-632","page","type-page","status-publish","hentry"],"yoast_head":"<!-- This site is optimized with the Yoast SEO plugin v24.4 - https:\/\/yoast.com\/wordpress\/plugins\/seo\/ -->\n<title>ECONOMIA Y PYMES - Hormilla<\/title>\n<meta name=\"robots\" content=\"index, follow, max-snippet:-1, max-image-preview:large, max-video-preview:-1\" \/>\n<link rel=\"canonical\" href=\"https:\/\/myblog-z7zhjfk8i4.live-website.com\/?page_id=632\" \/>\n<meta property=\"og:locale\" content=\"es_ES\" \/>\n<meta property=\"og:type\" content=\"article\" \/>\n<meta property=\"og:title\" content=\"ECONOMIA Y PYMES - Hormilla\" \/>\n<meta property=\"og:description\" content=\"El 90%&nbsp;del municipio se corresponde con terrenos cultivables, Los cultivos mas extensos son el trigo, la cebada y vid; el cultivo de la pera conferencia ha incrementado su superficie en los \u00faltimos a\u00f1os. El sector industrial est\u00e1 representado por peque\u00f1os talleres mec\u00e1nica de coches, la construcci\u00f3n, f\u00e1brica de morcillas, bodegas vin\u00edcolas, etc&#8230; Hormilla tambi\u00e9n cuenta de pol\u00edgono industrial con una \u00e1rea de servicio con gasolinera y hotel.\" \/>\n<meta property=\"og:url\" content=\"https:\/\/myblog-z7zhjfk8i4.live-website.com\/?page_id=632\" \/>\n<meta property=\"og:site_name\" content=\"Hormilla\" \/>\n<meta property=\"article:modified_time\" content=\"2023-04-13T14:31:16+00:00\" \/>\n<meta name=\"twitter:card\" content=\"summary_large_image\" \/>\n<meta name=\"twitter:label1\" content=\"Tiempo de lectura\" \/>\n\t<meta name=\"twitter:data1\" content=\"1 minuto\" \/>\n<script type=\"application\/ld+json\" class=\"yoast-schema-graph\">{\"@context\":\"https:\/\/schema.org\",\"@graph\":[{\"@type\":\"WebPage\",\"@id\":\"https:\/\/myblog-z7zhjfk8i4.live-website.com\/?page_id=632\",\"url\":\"https:\/\/myblog-z7zhjfk8i4.live-website.com\/?page_id=632\",\"name\":\"ECONOMIA Y PYMES - Hormilla\",\"isPartOf\":{\"@id\":\"https:\/\/myblog-z7zhjfk8i4.live-website.com\/#website\"},\"datePublished\":\"2023-04-13T14:31:15+00:00\",\"dateModified\":\"2023-04-13T14:31:16+00:00\",\"breadcrumb\":{\"@id\":\"https:\/\/myblog-z7zhjfk8i4.live-website.com\/?page_id=632#breadcrumb\"},\"inLanguage\":\"es\",\"potentialAction\":[{\"@type\":\"ReadAction\",\"target\":[\"https:\/\/myblog-z7zhjfk8i4.live-website.com\/?page_id=632\"]}]},{\"@type\":\"BreadcrumbList\",\"@id\":\"https:\/\/myblog-z7zhjfk8i4.live-website.com\/?page_id=632#breadcrumb\",\"itemListElement\":[{\"@type\":\"ListItem\",\"position\":1,\"name\":\"Portada\",\"item\":\"https:\/\/myblog-z7zhjfk8i4.live-website.com\/\"},{\"@type\":\"ListItem\",\"position\":2,\"name\":\"ECONOMIA Y PYMES\"}]},{\"@type\":\"WebSite\",\"@id\":\"https:\/\/myblog-z7zhjfk8i4.live-website.com\/#website\",\"url\":\"https:\/\/myblog-z7zhjfk8i4.live-website.com\/\",\"name\":\"Hormilla\",\"description\":\"\",\"potentialAction\":[{\"@type\":\"SearchAction\",\"target\":{\"@type\":\"EntryPoint\",\"urlTemplate\":\"https:\/\/myblog-z7zhjfk8i4.live-website.com\/?s={search_term_string}\"},\"query-input\":{\"@type\":\"PropertyValueSpecification\",\"valueRequired\":true,\"valueName\":\"search_term_string\"}}],\"inLanguage\":\"es\"}]}<\/script>\n<!-- \/ Yoast SEO plugin. -->","yoast_head_json":{"title":"ECONOMIA Y PYMES - Hormilla","robots":{"index":"index","follow":"follow","max-snippet":"max-snippet:-1","max-image-preview":"max-image-preview:large","max-video-preview":"max-video-preview:-1"},"canonical":"https:\/\/myblog-z7zhjfk8i4.live-website.com\/?page_id=632","og_locale":"es_ES","og_type":"article","og_title":"ECONOMIA Y PYMES - Hormilla","og_description":"El 90%&nbsp;del municipio se corresponde con terrenos cultivables, Los cultivos mas extensos son el trigo, la cebada y vid; el cultivo de la pera conferencia ha incrementado su superficie en los \u00faltimos a\u00f1os. El sector industrial est\u00e1 representado por peque\u00f1os talleres mec\u00e1nica de coches, la construcci\u00f3n, f\u00e1brica de morcillas, bodegas vin\u00edcolas, etc&#8230; Hormilla tambi\u00e9n cuenta de pol\u00edgono industrial con una \u00e1rea de servicio con gasolinera y hotel.","og_url":"https:\/\/myblog-z7zhjfk8i4.live-website.com\/?page_id=632","og_site_name":"Hormilla","article_modified_time":"2023-04-13T14:31:16+00:00","twitter_card":"summary_large_image","twitter_misc":{"Tiempo de lectura":"1 minuto"},"schema":{"@context":"https:\/\/schema.org","@graph":[{"@type":"WebPage","@id":"https:\/\/myblog-z7zhjfk8i4.live-website.com\/?page_id=632","url":"https:\/\/myblog-z7zhjfk8i4.live-website.com\/?page_id=632","name":"ECONOMIA Y PYMES - Hormilla","isPartOf":{"@id":"https:\/\/myblog-z7zhjfk8i4.live-website.com\/#website"},"datePublished":"2023-04-13T14:31:15+00:00","dateModified":"2023-04-13T14:31:16+00:00","breadcrumb":{"@id":"https:\/\/myblog-z7zhjfk8i4.live-website.com\/?page_id=632#breadcrumb"},"inLanguage":"es","potentialAction":[{"@type":"ReadAction","target":["https:\/\/myblog-z7zhjfk8i4.live-website.com\/?page_id=632"]}]},{"@type":"BreadcrumbList","@id":"https:\/\/myblog-z7zhjfk8i4.live-website.com\/?page_id=632#breadcrumb","itemListElement":[{"@type":"ListItem","position":1,"name":"Portada","item":"https:\/\/myblog-z7zhjfk8i4.live-website.com\/"},{"@type":"ListItem","position":2,"name":"ECONOMIA Y PYMES"}]},{"@type":"WebSite","@id":"https:\/\/myblog-z7zhjfk8i4.live-website.com\/#website","url":"https:\/\/myblog-z7zhjfk8i4.live-website.com\/","name":"Hormilla","description":"","potentialAction":[{"@type":"SearchAction","target":{"@type":"EntryPoint","urlTemplate":"https:\/\/myblog-z7zhjfk8i4.live-website.com\/?s={search_term_string}"},"query-input":{"@type":"PropertyValueSpecification","valueRequired":true,"valueName":"search_term_string"}}],"inLanguage":"es"}]}},"_links":{"self":[{"href":"https:\/\/myblog-z7zhjfk8i4.live-website.com\/index.php?rest_route=\/wp\/v2\/pages\/632","targetHints":{"allow":["GET"]}}],"collection":[{"href":"https:\/\/myblog-z7zhjfk8i4.live-website.com\/index.php?rest_route=\/wp\/v2\/pages"}],"about":[{"href":"https:\/\/myblog-z7zhjfk8i4.live-website.com\/index.php?rest_route=\/wp\/v2\/types\/page"}],"author":[{"embeddable":true,"href":"https:\/\/myblog-z7zhjfk8i4.live-website.com\/index.php?rest_route=\/wp\/v2\/users\/1"}],"replies":[{"embeddable":true,"href":"https:\/\/myblog-z7zhjfk8i4.live-website.com\/index.php?rest_route=%2Fwp%2Fv2%2Fcomments&post=632"}],"version-history":[{"count":1,"href":"https:\/\/myblog-z7zhjfk8i4.live-website.com\/index.php?rest_route=\/wp\/v2\/pages\/632\/revisions"}],"predecessor-version":[{"id":633,"href":"https:\/\/myblog-z7zhjfk8i4.live-website.com\/index.php?rest_route=\/wp\/v2\/pages\/632\/revisions\/633"}],"wp:attachment":[{"href":"https:\/\/myblog-z7zhjfk8i4.live-website.com\/index.php?rest_route=%2Fwp%2Fv2%2Fmedia&parent=632"}],"curies":[{"name":"wp","href":"https:\/\/api.w.org\/{rel}","templated":true}]}}