{"id":350,"date":"2023-04-11T10:51:10","date_gmt":"2023-04-11T10:51:10","guid":{"rendered":"https:\/\/myblog-z7zhjfk8i4.live-website.com\/?page_id=350"},"modified":"2023-04-11T10:53:04","modified_gmt":"2023-04-11T10:53:04","slug":"deportes","status":"publish","type":"page","link":"https:\/\/myblog-z7zhjfk8i4.live-website.com\/?page_id=350","title":{"rendered":"DEPORTES"},"content":{"rendered":"<p>El pueblo de Hormilla es muy aficionado entre otros deportes a la&nbsp;pelota a mano&nbsp;y al&nbsp;frontenis. Para practicarlos disponemos de un front\u00f3n en perfectas condiciones y actualmente abierto durante todo el d\u00eda.<\/p><p>En el a\u00f1o 2007 se inauguran las&nbsp;<strong>piscinas municipales&nbsp;<\/strong>de Hormilla, constan de una piscina peque\u00f1a, una grande y un peque\u00f1o jacuzzi, asadores y mesas para poder comer.<\/p><p>En Mayo del 2015 se inaugur\u00f3 con un partido de pelota profesional el&nbsp;<strong>polideportivo municipal.<\/strong><\/p><p>Tambi\u00e9n hay mucha afici\u00f3n por la&nbsp;caza. Existe en el pueblo una asociaci\u00f3n de cazadores \u201cSociedad de Cazadores La Trinidad\u201d. En lugares pr\u00f3ximos a Hormilla tambi\u00e9n es posible practicar&nbsp;la caza y la pesca, siguiendo unas normas y cumpliendo la reglamentaci\u00f3n vigente promulgada por el Gobierno Riojano.<br><br>En los alrededores de Hormilla dispones de buenos caminos y de tramos de carretera sin apenas tr\u00e1fico, que facilitan dar largos y tranquilos paseos tanto andando como en bici. Los m\u00e1s arriesgados tambi\u00e9n hacen sus incursiones con motos por los montes que rodean el pueblo.<\/p><figure class=\"wp-block-gallery has-nested-images columns-default is-cropped wp-block-gallery-1 is-layout-flex wp-block-gallery-is-layout-flex\"><figure class=\"wp-block-image size-large\"><img loading=\"lazy\" decoding=\"async\" width=\"206\" height=\"206\" data-id=\"353\" src=\"https:\/\/myblog-z7zhjfk8i4.live-website.com\/wp-content\/uploads\/2023\/04\/27867550_737342929797457_4356246718808663431_n.jpg\" alt=\"\" class=\"wp-image-353\" srcset=\"https:\/\/myblog-z7zhjfk8i4.live-website.com\/wp-content\/uploads\/2023\/04\/27867550_737342929797457_4356246718808663431_n.jpg 206w, https:\/\/myblog-z7zhjfk8i4.live-website.com\/wp-content\/uploads\/2023\/04\/27867550_737342929797457_4356246718808663431_n-100x100.jpg 100w, https:\/\/myblog-z7zhjfk8i4.live-website.com\/wp-content\/uploads\/2023\/04\/27867550_737342929797457_4356246718808663431_n-150x150.jpg 150w, https:\/\/myblog-z7zhjfk8i4.live-website.com\/wp-content\/uploads\/2023\/04\/27867550_737342929797457_4356246718808663431_n-75x75.jpg 75w\" sizes=\"auto, (max-width: 206px) 100vw, 206px\" \/><\/figure>\n\n<figure class=\"wp-block-image size-large\"><img loading=\"lazy\" decoding=\"async\" width=\"300\" height=\"180\" data-id=\"351\" src=\"https:\/\/myblog-z7zhjfk8i4.live-website.com\/wp-content\/uploads\/2023\/04\/995a1f5a3eBDD7321B-DA86-025F-0A82-B2AD2B9024FB.png\" alt=\"\" class=\"wp-image-351\"\/><\/figure>\n\n<figure class=\"wp-block-image size-large\"><img loading=\"lazy\" decoding=\"async\" width=\"300\" height=\"225\" data-id=\"352\" src=\"https:\/\/myblog-z7zhjfk8i4.live-website.com\/wp-content\/uploads\/2023\/04\/455339cf2bC284ED0C-7FC5-F9F5-45B5-BF866A17C745.jpg\" alt=\"\" class=\"wp-image-352\"\/><\/figure><\/figure><figure class=\"wp-block-gallery has-nested-images columns-default is-cropped wp-block-gallery-2 is-layout-flex wp-block-gallery-is-layout-flex\"><figure class=\"wp-block-image size-large\"><img loading=\"lazy\" decoding=\"async\" width=\"1024\" height=\"577\" data-id=\"358\" src=\"https:\/\/myblog-z7zhjfk8i4.live-website.com\/wp-content\/uploads\/2023\/04\/298444365_1912882908910114_1810360516868321431_n-1-1024x577.jpg\" alt=\"\" class=\"wp-image-358\" srcset=\"https:\/\/myblog-z7zhjfk8i4.live-website.com\/wp-content\/uploads\/2023\/04\/298444365_1912882908910114_1810360516868321431_n-1-1024x577.jpg 1024w, https:\/\/myblog-z7zhjfk8i4.live-website.com\/wp-content\/uploads\/2023\/04\/298444365_1912882908910114_1810360516868321431_n-1-300x169.jpg 300w, https:\/\/myblog-z7zhjfk8i4.live-website.com\/wp-content\/uploads\/2023\/04\/298444365_1912882908910114_1810360516868321431_n-1-768x432.jpg 768w, https:\/\/myblog-z7zhjfk8i4.live-website.com\/wp-content\/uploads\/2023\/04\/298444365_1912882908910114_1810360516868321431_n-1-1536x865.jpg 1536w, https:\/\/myblog-z7zhjfk8i4.live-website.com\/wp-content\/uploads\/2023\/04\/298444365_1912882908910114_1810360516868321431_n-1-1140x642.jpg 1140w, https:\/\/myblog-z7zhjfk8i4.live-website.com\/wp-content\/uploads\/2023\/04\/298444365_1912882908910114_1810360516868321431_n-1.jpg 2000w\" sizes=\"auto, (max-width: 1024px) 100vw, 1024px\" \/><\/figure><\/figure>","protected":false},"excerpt":{"rendered":"<p>El pueblo de Hormilla es muy aficionado entre otros deportes a la&nbsp;pelota a mano&nbsp;y al&nbsp;frontenis. Para practicarlos disponemos de un front\u00f3n en perfectas condiciones y actualmente abierto durante todo el d\u00eda. En el a\u00f1o 2007 se inauguran las&nbsp;piscinas municipales&nbsp;de Hormilla, constan de una piscina peque\u00f1a, una grande y un peque\u00f1o jacuzzi, asadores y mesas para poder comer. En Mayo del 2015 se inaugur\u00f3 con un partido de pelota profesional el&nbsp;polideportivo municipal. Tambi\u00e9n hay mucha afici\u00f3n por la&nbsp;caza. Existe en el pueblo una asociaci\u00f3n de cazadores \u201cSociedad de Cazadores La Trinidad\u201d. En lugares pr\u00f3ximos a Hormilla tambi\u00e9n es posible practicar&nbsp;la caza y la pesca, siguiendo unas normas y cumpliendo la reglamentaci\u00f3n vigente promulgada por el Gobierno Riojano. En los alrededores de Hormilla dispones de buenos caminos y de tramos de carretera sin apenas tr\u00e1fico, que facilitan dar largos y tranquilos paseos tanto andando como en bici. Los m\u00e1s arriesgados tambi\u00e9n hacen sus incursiones con motos por los montes que rodean el pueblo.<\/p>\n","protected":false},"author":1,"featured_media":0,"parent":0,"menu_order":0,"comment_status":"closed","ping_status":"closed","template":"","meta":{"footnotes":""},"class_list":["post-350","page","type-page","status-publish","hentry"],"yoast_head":"<!-- This site is optimized with the Yoast SEO plugin v24.4 - https:\/\/yoast.com\/wordpress\/plugins\/seo\/ -->\n<title>DEPORTES - Hormilla<\/title>\n<meta name=\"robots\" content=\"index, follow, max-snippet:-1, max-image-preview:large, max-video-preview:-1\" \/>\n<link rel=\"canonical\" href=\"https:\/\/myblog-z7zhjfk8i4.live-website.com\/?page_id=350\" \/>\n<meta property=\"og:locale\" content=\"es_ES\" \/>\n<meta property=\"og:type\" content=\"article\" \/>\n<meta property=\"og:title\" content=\"DEPORTES - Hormilla\" \/>\n<meta property=\"og:description\" content=\"El pueblo de Hormilla es muy aficionado entre otros deportes a la&nbsp;pelota a mano&nbsp;y al&nbsp;frontenis. Para practicarlos disponemos de un front\u00f3n en perfectas condiciones y actualmente abierto durante todo el d\u00eda. En el a\u00f1o 2007 se inauguran las&nbsp;piscinas municipales&nbsp;de Hormilla, constan de una piscina peque\u00f1a, una grande y un peque\u00f1o jacuzzi, asadores y mesas para poder comer. En Mayo del 2015 se inaugur\u00f3 con un partido de pelota profesional el&nbsp;polideportivo municipal. Tambi\u00e9n hay mucha afici\u00f3n por la&nbsp;caza. Existe en el pueblo una asociaci\u00f3n de cazadores \u201cSociedad de Cazadores La Trinidad\u201d. En lugares pr\u00f3ximos a Hormilla tambi\u00e9n es posible practicar&nbsp;la caza y la pesca, siguiendo unas normas y cumpliendo la reglamentaci\u00f3n vigente promulgada por el Gobierno Riojano. En los alrededores de Hormilla dispones de buenos caminos y de tramos de carretera sin apenas tr\u00e1fico, que facilitan dar largos y tranquilos paseos tanto andando como en bici. Los m\u00e1s arriesgados tambi\u00e9n hacen sus incursiones con motos por los montes que rodean el pueblo.\" \/>\n<meta property=\"og:url\" content=\"https:\/\/myblog-z7zhjfk8i4.live-website.com\/?page_id=350\" \/>\n<meta property=\"og:site_name\" content=\"Hormilla\" \/>\n<meta property=\"article:modified_time\" content=\"2023-04-11T10:53:04+00:00\" \/>\n<meta property=\"og:image\" content=\"https:\/\/myblog-z7zhjfk8i4.live-website.com\/wp-content\/uploads\/2023\/04\/27867550_737342929797457_4356246718808663431_n.jpg\" \/>\n<meta name=\"twitter:card\" content=\"summary_large_image\" \/>\n<meta name=\"twitter:label1\" content=\"Tiempo de lectura\" \/>\n\t<meta name=\"twitter:data1\" content=\"2 minutos\" \/>\n<script type=\"application\/ld+json\" class=\"yoast-schema-graph\">{\"@context\":\"https:\/\/schema.org\",\"@graph\":[{\"@type\":\"WebPage\",\"@id\":\"https:\/\/myblog-z7zhjfk8i4.live-website.com\/?page_id=350\",\"url\":\"https:\/\/myblog-z7zhjfk8i4.live-website.com\/?page_id=350\",\"name\":\"DEPORTES - Hormilla\",\"isPartOf\":{\"@id\":\"https:\/\/myblog-z7zhjfk8i4.live-website.com\/#website\"},\"primaryImageOfPage\":{\"@id\":\"https:\/\/myblog-z7zhjfk8i4.live-website.com\/?page_id=350#primaryimage\"},\"image\":{\"@id\":\"https:\/\/myblog-z7zhjfk8i4.live-website.com\/?page_id=350#primaryimage\"},\"thumbnailUrl\":\"https:\/\/myblog-z7zhjfk8i4.live-website.com\/wp-content\/uploads\/2023\/04\/27867550_737342929797457_4356246718808663431_n.jpg\",\"datePublished\":\"2023-04-11T10:51:10+00:00\",\"dateModified\":\"2023-04-11T10:53:04+00:00\",\"breadcrumb\":{\"@id\":\"https:\/\/myblog-z7zhjfk8i4.live-website.com\/?page_id=350#breadcrumb\"},\"inLanguage\":\"es\",\"potentialAction\":[{\"@type\":\"ReadAction\",\"target\":[\"https:\/\/myblog-z7zhjfk8i4.live-website.com\/?page_id=350\"]}]},{\"@type\":\"ImageObject\",\"inLanguage\":\"es\",\"@id\":\"https:\/\/myblog-z7zhjfk8i4.live-website.com\/?page_id=350#primaryimage\",\"url\":\"https:\/\/myblog-z7zhjfk8i4.live-website.com\/wp-content\/uploads\/2023\/04\/27867550_737342929797457_4356246718808663431_n.jpg\",\"contentUrl\":\"https:\/\/myblog-z7zhjfk8i4.live-website.com\/wp-content\/uploads\/2023\/04\/27867550_737342929797457_4356246718808663431_n.jpg\",\"width\":206,\"height\":206},{\"@type\":\"BreadcrumbList\",\"@id\":\"https:\/\/myblog-z7zhjfk8i4.live-website.com\/?page_id=350#breadcrumb\",\"itemListElement\":[{\"@type\":\"ListItem\",\"position\":1,\"name\":\"Portada\",\"item\":\"https:\/\/myblog-z7zhjfk8i4.live-website.com\/\"},{\"@type\":\"ListItem\",\"position\":2,\"name\":\"DEPORTES\"}]},{\"@type\":\"WebSite\",\"@id\":\"https:\/\/myblog-z7zhjfk8i4.live-website.com\/#website\",\"url\":\"https:\/\/myblog-z7zhjfk8i4.live-website.com\/\",\"name\":\"Hormilla\",\"description\":\"\",\"potentialAction\":[{\"@type\":\"SearchAction\",\"target\":{\"@type\":\"EntryPoint\",\"urlTemplate\":\"https:\/\/myblog-z7zhjfk8i4.live-website.com\/?s={search_term_string}\"},\"query-input\":{\"@type\":\"PropertyValueSpecification\",\"valueRequired\":true,\"valueName\":\"search_term_string\"}}],\"inLanguage\":\"es\"}]}<\/script>\n<!-- \/ Yoast SEO plugin. -->","yoast_head_json":{"title":"DEPORTES - Hormilla","robots":{"index":"index","follow":"follow","max-snippet":"max-snippet:-1","max-image-preview":"max-image-preview:large","max-video-preview":"max-video-preview:-1"},"canonical":"https:\/\/myblog-z7zhjfk8i4.live-website.com\/?page_id=350","og_locale":"es_ES","og_type":"article","og_title":"DEPORTES - Hormilla","og_description":"El pueblo de Hormilla es muy aficionado entre otros deportes a la&nbsp;pelota a mano&nbsp;y al&nbsp;frontenis. Para practicarlos disponemos de un front\u00f3n en perfectas condiciones y actualmente abierto durante todo el d\u00eda. En el a\u00f1o 2007 se inauguran las&nbsp;piscinas municipales&nbsp;de Hormilla, constan de una piscina peque\u00f1a, una grande y un peque\u00f1o jacuzzi, asadores y mesas para poder comer. En Mayo del 2015 se inaugur\u00f3 con un partido de pelota profesional el&nbsp;polideportivo municipal. Tambi\u00e9n hay mucha afici\u00f3n por la&nbsp;caza. Existe en el pueblo una asociaci\u00f3n de cazadores \u201cSociedad de Cazadores La Trinidad\u201d. En lugares pr\u00f3ximos a Hormilla tambi\u00e9n es posible practicar&nbsp;la caza y la pesca, siguiendo unas normas y cumpliendo la reglamentaci\u00f3n vigente promulgada por el Gobierno Riojano. En los alrededores de Hormilla dispones de buenos caminos y de tramos de carretera sin apenas tr\u00e1fico, que facilitan dar largos y tranquilos paseos tanto andando como en bici. Los m\u00e1s arriesgados tambi\u00e9n hacen sus incursiones con motos por los montes que rodean el pueblo.","og_url":"https:\/\/myblog-z7zhjfk8i4.live-website.com\/?page_id=350","og_site_name":"Hormilla","article_modified_time":"2023-04-11T10:53:04+00:00","og_image":[{"url":"https:\/\/myblog-z7zhjfk8i4.live-website.com\/wp-content\/uploads\/2023\/04\/27867550_737342929797457_4356246718808663431_n.jpg","type":"","width":"","height":""}],"twitter_card":"summary_large_image","twitter_misc":{"Tiempo de lectura":"2 minutos"},"schema":{"@context":"https:\/\/schema.org","@graph":[{"@type":"WebPage","@id":"https:\/\/myblog-z7zhjfk8i4.live-website.com\/?page_id=350","url":"https:\/\/myblog-z7zhjfk8i4.live-website.com\/?page_id=350","name":"DEPORTES - Hormilla","isPartOf":{"@id":"https:\/\/myblog-z7zhjfk8i4.live-website.com\/#website"},"primaryImageOfPage":{"@id":"https:\/\/myblog-z7zhjfk8i4.live-website.com\/?page_id=350#primaryimage"},"image":{"@id":"https:\/\/myblog-z7zhjfk8i4.live-website.com\/?page_id=350#primaryimage"},"thumbnailUrl":"https:\/\/myblog-z7zhjfk8i4.live-website.com\/wp-content\/uploads\/2023\/04\/27867550_737342929797457_4356246718808663431_n.jpg","datePublished":"2023-04-11T10:51:10+00:00","dateModified":"2023-04-11T10:53:04+00:00","breadcrumb":{"@id":"https:\/\/myblog-z7zhjfk8i4.live-website.com\/?page_id=350#breadcrumb"},"inLanguage":"es","potentialAction":[{"@type":"ReadAction","target":["https:\/\/myblog-z7zhjfk8i4.live-website.com\/?page_id=350"]}]},{"@type":"ImageObject","inLanguage":"es","@id":"https:\/\/myblog-z7zhjfk8i4.live-website.com\/?page_id=350#primaryimage","url":"https:\/\/myblog-z7zhjfk8i4.live-website.com\/wp-content\/uploads\/2023\/04\/27867550_737342929797457_4356246718808663431_n.jpg","contentUrl":"https:\/\/myblog-z7zhjfk8i4.live-website.com\/wp-content\/uploads\/2023\/04\/27867550_737342929797457_4356246718808663431_n.jpg","width":206,"height":206},{"@type":"BreadcrumbList","@id":"https:\/\/myblog-z7zhjfk8i4.live-website.com\/?page_id=350#breadcrumb","itemListElement":[{"@type":"ListItem","position":1,"name":"Portada","item":"https:\/\/myblog-z7zhjfk8i4.live-website.com\/"},{"@type":"ListItem","position":2,"name":"DEPORTES"}]},{"@type":"WebSite","@id":"https:\/\/myblog-z7zhjfk8i4.live-website.com\/#website","url":"https:\/\/myblog-z7zhjfk8i4.live-website.com\/","name":"Hormilla","description":"","potentialAction":[{"@type":"SearchAction","target":{"@type":"EntryPoint","urlTemplate":"https:\/\/myblog-z7zhjfk8i4.live-website.com\/?s={search_term_string}"},"query-input":{"@type":"PropertyValueSpecification","valueRequired":true,"valueName":"search_term_string"}}],"inLanguage":"es"}]}},"_links":{"self":[{"href":"https:\/\/myblog-z7zhjfk8i4.live-website.com\/index.php?rest_route=\/wp\/v2\/pages\/350","targetHints":{"allow":["GET"]}}],"collection":[{"href":"https:\/\/myblog-z7zhjfk8i4.live-website.com\/index.php?rest_route=\/wp\/v2\/pages"}],"about":[{"href":"https:\/\/myblog-z7zhjfk8i4.live-website.com\/index.php?rest_route=\/wp\/v2\/types\/page"}],"author":[{"embeddable":true,"href":"https:\/\/myblog-z7zhjfk8i4.live-website.com\/index.php?rest_route=\/wp\/v2\/users\/1"}],"replies":[{"embeddable":true,"href":"https:\/\/myblog-z7zhjfk8i4.live-website.com\/index.php?rest_route=%2Fwp%2Fv2%2Fcomments&post=350"}],"version-history":[{"count":2,"href":"https:\/\/myblog-z7zhjfk8i4.live-website.com\/index.php?rest_route=\/wp\/v2\/pages\/350\/revisions"}],"predecessor-version":[{"id":359,"href":"https:\/\/myblog-z7zhjfk8i4.live-website.com\/index.php?rest_route=\/wp\/v2\/pages\/350\/revisions\/359"}],"wp:attachment":[{"href":"https:\/\/myblog-z7zhjfk8i4.live-website.com\/index.php?rest_route=%2Fwp%2Fv2%2Fmedia&parent=350"}],"curies":[{"name":"wp","href":"https:\/\/api.w.org\/{rel}","templated":true}]}}