{"id":25,"date":"2023-03-31T10:42:42","date_gmt":"2023-03-31T10:42:42","guid":{"rendered":"https:\/\/myblog-z7zhjfk8i4.live-website.com\/?page_id=25"},"modified":"2023-03-31T10:42:42","modified_gmt":"2023-03-31T10:42:42","slug":"historia","status":"publish","type":"page","link":"https:\/\/myblog-z7zhjfk8i4.live-website.com\/?page_id=25","title":{"rendered":"HISTORIA"},"content":{"rendered":"<p>En el t\u00e9rmino municipal de Hormilla se encuentran restos de la calzada romana que un\u00eda Briviesca con Tarragona, y que atravesaba el lugar de Valpierre.<br><br>La mansi\u00f3n romana de Atiliana ha sido buscada por muchos autores y algunos son de la opini\u00f3n de localizarla en terreno comunero de Valpierre en t\u00e9rmino de Hormilla.<br><br>La primera menci\u00f3n documental de Hormilla data del a\u00f1o 1039, en que Azenari S\u00e1nchez don\u00f3 al monasterio de San Mill\u00e1n de la Cogolla y a su abad G\u00f3mez unas heredades en Fermoella de Arriba (Hormilla).<\/p><p>En tierra de Hormilla sit\u00faan algunos autores la batalla que enfrent\u00f3 a Don Sancho Abarca rey de Navarra, con el conde castellano Fern\u00e1n Gonz\u00e1lez, en el siglo X. Este \u00faltimo result\u00f3 vencedor en una batalla descrita con mucha precisi\u00f3n por los autores riojanos como el Padre Mateo de Anguiano.<br><br>Parece que el lugar de Valpierre ha sido propicio para las batallas ya que se dio otra en el siglo XII, entre Don Sancho III rey de Castilla y Don Sancho el Sabio de Navarra. Despu\u00e9s de una larga lucha quedaron vencedores los castellanos haciendo huir a los navarros.<br><br>Hormilla fue villa de realengo con voto en la Junta de Valpierre. Esta Junta de Valpierre pose\u00eda un terreno, con casa de Juntas que era propiedad de los siguientes pueblos lim\u00edtrofes: Alesanco, Azofra, Ba\u00f1ares, Briones, Zarrat\u00f3n, Herv\u00edas, Hormilleja, Hormilla, Rodezno, San Asensio y San Torcuato. La superficie de este terreno juntero era de 200 has.<br><br>Form\u00f3 parte de la provincia de Burgos hasta la creaci\u00f3n de la provincia de Logro\u00f1o (Real Decreto suscrito por Javier de Burgos el 30 de noviembre de 1833) Un a\u00f1o m\u00e1s tarde, dividida la provincia en nueve partidos judiciales, se integr\u00f3 en el de N\u00e1jera.<br><br>En el censo de poblaci\u00f3n de la corona de Castilla del siglo XVI, aparece en el art\u00edculo de N\u00e1jera empadronada por 90 vecinos (300 almas).<br><br>El patrono de Hormilla es San Mart\u00edn, cuya fiesta celebramos el 11 de noviembre.<br><br>Desde mediados del siglo XV, se crea en Hormilla un Mayorazgo bajo el apellido de los Londo\u00f1o. En Hormilla, sus titulares dispon\u00edan de Heredades, que alquilaban a sus habitantes bajo un concepto de renta perpetua, que dar\u00eda lugar a innumerables pleitos.<\/p><p><\/p><figure class=\"wp-block-gallery aligncenter has-nested-images columns-default is-cropped wp-block-gallery-1 is-layout-flex wp-block-gallery-is-layout-flex\"><figure class=\"wp-block-image size-full\"><img decoding=\"async\" data-id=\"27\" src=\"https:\/\/myblog-z7zhjfk8i4.live-website.com\/wp-content\/uploads\/2023\/03\/27972332_737342843130799_3931595957816482656_n.jpg\" alt=\"\" class=\"wp-image-27\"\/><\/figure><\/figure>","protected":false},"excerpt":{"rendered":"<p>En el t\u00e9rmino municipal de Hormilla se encuentran restos de la calzada romana que un\u00eda Briviesca con Tarragona, y que atravesaba el lugar de Valpierre. La mansi\u00f3n romana de Atiliana ha sido buscada por muchos autores y algunos son de la opini\u00f3n de localizarla en terreno comunero de Valpierre en t\u00e9rmino de Hormilla. La primera menci\u00f3n documental de Hormilla data del a\u00f1o 1039, en que Azenari S\u00e1nchez don\u00f3 al monasterio de San Mill\u00e1n de la Cogolla y a su abad G\u00f3mez unas heredades en Fermoella de Arriba (Hormilla). En tierra de Hormilla sit\u00faan algunos autores la batalla que enfrent\u00f3 a Don Sancho Abarca rey de Navarra, con el conde castellano Fern\u00e1n Gonz\u00e1lez, en el siglo X. Este \u00faltimo result\u00f3 vencedor en una batalla descrita con mucha precisi\u00f3n por los autores riojanos como el Padre Mateo de Anguiano. Parece que el lugar de Valpierre ha sido propicio para las batallas ya que se dio otra en el siglo XII, entre Don Sancho III rey de Castilla y Don Sancho el Sabio de Navarra. Despu\u00e9s de una larga lucha quedaron vencedores los castellanos haciendo huir a los navarros. Hormilla fue villa de realengo con voto en la Junta de Valpierre. Esta Junta de Valpierre pose\u00eda un terreno, con casa de Juntas que era propiedad de los siguientes pueblos lim\u00edtrofes: Alesanco, Azofra, Ba\u00f1ares, Briones, Zarrat\u00f3n, Herv\u00edas, Hormilleja, Hormilla, Rodezno, San Asensio y San Torcuato. La superficie de este terreno juntero era de 200 has. Form\u00f3 parte de la provincia de Burgos hasta la creaci\u00f3n de la provincia de Logro\u00f1o (Real Decreto suscrito por Javier de Burgos el 30 de noviembre de 1833) Un a\u00f1o m\u00e1s tarde, dividida la provincia en nueve partidos judiciales, se integr\u00f3 en el de N\u00e1jera. En el censo de poblaci\u00f3n de la corona de Castilla del siglo XVI, aparece en el art\u00edculo de N\u00e1jera empadronada por 90 vecinos (300 almas). El patrono de Hormilla es San Mart\u00edn, cuya fiesta celebramos el 11 de noviembre. Desde mediados del siglo XV, se crea en Hormilla un Mayorazgo bajo el apellido de los Londo\u00f1o. En Hormilla, sus titulares dispon\u00edan de Heredades, que alquilaban a sus habitantes bajo un concepto de renta perpetua, que dar\u00eda lugar a innumerables pleitos.<\/p>\n","protected":false},"author":1,"featured_media":0,"parent":0,"menu_order":0,"comment_status":"closed","ping_status":"closed","template":"","meta":{"footnotes":""},"class_list":["post-25","page","type-page","status-publish","hentry"],"yoast_head":"<!-- This site is optimized with the Yoast SEO plugin v24.4 - https:\/\/yoast.com\/wordpress\/plugins\/seo\/ -->\n<title>HISTORIA - Hormilla<\/title>\n<meta name=\"robots\" content=\"index, follow, max-snippet:-1, max-image-preview:large, max-video-preview:-1\" \/>\n<link rel=\"canonical\" href=\"https:\/\/myblog-z7zhjfk8i4.live-website.com\/?page_id=25\" \/>\n<meta property=\"og:locale\" content=\"es_ES\" \/>\n<meta property=\"og:type\" content=\"article\" \/>\n<meta property=\"og:title\" content=\"HISTORIA - Hormilla\" \/>\n<meta property=\"og:description\" content=\"En el t\u00e9rmino municipal de Hormilla se encuentran restos de la calzada romana que un\u00eda Briviesca con Tarragona, y que atravesaba el lugar de Valpierre. La mansi\u00f3n romana de Atiliana ha sido buscada por muchos autores y algunos son de la opini\u00f3n de localizarla en terreno comunero de Valpierre en t\u00e9rmino de Hormilla. La primera menci\u00f3n documental de Hormilla data del a\u00f1o 1039, en que Azenari S\u00e1nchez don\u00f3 al monasterio de San Mill\u00e1n de la Cogolla y a su abad G\u00f3mez unas heredades en Fermoella de Arriba (Hormilla). En tierra de Hormilla sit\u00faan algunos autores la batalla que enfrent\u00f3 a Don Sancho Abarca rey de Navarra, con el conde castellano Fern\u00e1n Gonz\u00e1lez, en el siglo X. Este \u00faltimo result\u00f3 vencedor en una batalla descrita con mucha precisi\u00f3n por los autores riojanos como el Padre Mateo de Anguiano. Parece que el lugar de Valpierre ha sido propicio para las batallas ya que se dio otra en el siglo XII, entre Don Sancho III rey de Castilla y Don Sancho el Sabio de Navarra. Despu\u00e9s de una larga lucha quedaron vencedores los castellanos haciendo huir a los navarros. Hormilla fue villa de realengo con voto en la Junta de Valpierre. Esta Junta de Valpierre pose\u00eda un terreno, con casa de Juntas que era propiedad de los siguientes pueblos lim\u00edtrofes: Alesanco, Azofra, Ba\u00f1ares, Briones, Zarrat\u00f3n, Herv\u00edas, Hormilleja, Hormilla, Rodezno, San Asensio y San Torcuato. La superficie de este terreno juntero era de 200 has. Form\u00f3 parte de la provincia de Burgos hasta la creaci\u00f3n de la provincia de Logro\u00f1o (Real Decreto suscrito por Javier de Burgos el 30 de noviembre de 1833) Un a\u00f1o m\u00e1s tarde, dividida la provincia en nueve partidos judiciales, se integr\u00f3 en el de N\u00e1jera. En el censo de poblaci\u00f3n de la corona de Castilla del siglo XVI, aparece en el art\u00edculo de N\u00e1jera empadronada por 90 vecinos (300 almas). El patrono de Hormilla es San Mart\u00edn, cuya fiesta celebramos el 11 de noviembre. Desde mediados del siglo XV, se crea en Hormilla un Mayorazgo bajo el apellido de los Londo\u00f1o. En Hormilla, sus titulares dispon\u00edan de Heredades, que alquilaban a sus habitantes bajo un concepto de renta perpetua, que dar\u00eda lugar a innumerables pleitos.\" \/>\n<meta property=\"og:url\" content=\"https:\/\/myblog-z7zhjfk8i4.live-website.com\/?page_id=25\" \/>\n<meta property=\"og:site_name\" content=\"Hormilla\" \/>\n<meta property=\"og:image\" content=\"https:\/\/myblog-z7zhjfk8i4.live-website.com\/wp-content\/uploads\/2023\/03\/27972332_737342843130799_3931595957816482656_n.jpg\" \/>\n<meta name=\"twitter:card\" content=\"summary_large_image\" \/>\n<meta name=\"twitter:label1\" content=\"Tiempo de lectura\" \/>\n\t<meta name=\"twitter:data1\" content=\"2 minutos\" \/>\n<script type=\"application\/ld+json\" class=\"yoast-schema-graph\">{\"@context\":\"https:\/\/schema.org\",\"@graph\":[{\"@type\":\"WebPage\",\"@id\":\"https:\/\/myblog-z7zhjfk8i4.live-website.com\/?page_id=25\",\"url\":\"https:\/\/myblog-z7zhjfk8i4.live-website.com\/?page_id=25\",\"name\":\"HISTORIA - Hormilla\",\"isPartOf\":{\"@id\":\"https:\/\/myblog-z7zhjfk8i4.live-website.com\/#website\"},\"primaryImageOfPage\":{\"@id\":\"https:\/\/myblog-z7zhjfk8i4.live-website.com\/?page_id=25#primaryimage\"},\"image\":{\"@id\":\"https:\/\/myblog-z7zhjfk8i4.live-website.com\/?page_id=25#primaryimage\"},\"thumbnailUrl\":\"https:\/\/myblog-z7zhjfk8i4.live-website.com\/wp-content\/uploads\/2023\/03\/27972332_737342843130799_3931595957816482656_n.jpg\",\"datePublished\":\"2023-03-31T10:42:42+00:00\",\"breadcrumb\":{\"@id\":\"https:\/\/myblog-z7zhjfk8i4.live-website.com\/?page_id=25#breadcrumb\"},\"inLanguage\":\"es\",\"potentialAction\":[{\"@type\":\"ReadAction\",\"target\":[\"https:\/\/myblog-z7zhjfk8i4.live-website.com\/?page_id=25\"]}]},{\"@type\":\"ImageObject\",\"inLanguage\":\"es\",\"@id\":\"https:\/\/myblog-z7zhjfk8i4.live-website.com\/?page_id=25#primaryimage\",\"url\":\"\",\"contentUrl\":\"\"},{\"@type\":\"BreadcrumbList\",\"@id\":\"https:\/\/myblog-z7zhjfk8i4.live-website.com\/?page_id=25#breadcrumb\",\"itemListElement\":[{\"@type\":\"ListItem\",\"position\":1,\"name\":\"Portada\",\"item\":\"https:\/\/myblog-z7zhjfk8i4.live-website.com\/\"},{\"@type\":\"ListItem\",\"position\":2,\"name\":\"HISTORIA\"}]},{\"@type\":\"WebSite\",\"@id\":\"https:\/\/myblog-z7zhjfk8i4.live-website.com\/#website\",\"url\":\"https:\/\/myblog-z7zhjfk8i4.live-website.com\/\",\"name\":\"Hormilla\",\"description\":\"\",\"potentialAction\":[{\"@type\":\"SearchAction\",\"target\":{\"@type\":\"EntryPoint\",\"urlTemplate\":\"https:\/\/myblog-z7zhjfk8i4.live-website.com\/?s={search_term_string}\"},\"query-input\":{\"@type\":\"PropertyValueSpecification\",\"valueRequired\":true,\"valueName\":\"search_term_string\"}}],\"inLanguage\":\"es\"}]}<\/script>\n<!-- \/ Yoast SEO plugin. -->","yoast_head_json":{"title":"HISTORIA - Hormilla","robots":{"index":"index","follow":"follow","max-snippet":"max-snippet:-1","max-image-preview":"max-image-preview:large","max-video-preview":"max-video-preview:-1"},"canonical":"https:\/\/myblog-z7zhjfk8i4.live-website.com\/?page_id=25","og_locale":"es_ES","og_type":"article","og_title":"HISTORIA - Hormilla","og_description":"En el t\u00e9rmino municipal de Hormilla se encuentran restos de la calzada romana que un\u00eda Briviesca con Tarragona, y que atravesaba el lugar de Valpierre. La mansi\u00f3n romana de Atiliana ha sido buscada por muchos autores y algunos son de la opini\u00f3n de localizarla en terreno comunero de Valpierre en t\u00e9rmino de Hormilla. La primera menci\u00f3n documental de Hormilla data del a\u00f1o 1039, en que Azenari S\u00e1nchez don\u00f3 al monasterio de San Mill\u00e1n de la Cogolla y a su abad G\u00f3mez unas heredades en Fermoella de Arriba (Hormilla). En tierra de Hormilla sit\u00faan algunos autores la batalla que enfrent\u00f3 a Don Sancho Abarca rey de Navarra, con el conde castellano Fern\u00e1n Gonz\u00e1lez, en el siglo X. Este \u00faltimo result\u00f3 vencedor en una batalla descrita con mucha precisi\u00f3n por los autores riojanos como el Padre Mateo de Anguiano. Parece que el lugar de Valpierre ha sido propicio para las batallas ya que se dio otra en el siglo XII, entre Don Sancho III rey de Castilla y Don Sancho el Sabio de Navarra. Despu\u00e9s de una larga lucha quedaron vencedores los castellanos haciendo huir a los navarros. Hormilla fue villa de realengo con voto en la Junta de Valpierre. Esta Junta de Valpierre pose\u00eda un terreno, con casa de Juntas que era propiedad de los siguientes pueblos lim\u00edtrofes: Alesanco, Azofra, Ba\u00f1ares, Briones, Zarrat\u00f3n, Herv\u00edas, Hormilleja, Hormilla, Rodezno, San Asensio y San Torcuato. La superficie de este terreno juntero era de 200 has. Form\u00f3 parte de la provincia de Burgos hasta la creaci\u00f3n de la provincia de Logro\u00f1o (Real Decreto suscrito por Javier de Burgos el 30 de noviembre de 1833) Un a\u00f1o m\u00e1s tarde, dividida la provincia en nueve partidos judiciales, se integr\u00f3 en el de N\u00e1jera. En el censo de poblaci\u00f3n de la corona de Castilla del siglo XVI, aparece en el art\u00edculo de N\u00e1jera empadronada por 90 vecinos (300 almas). El patrono de Hormilla es San Mart\u00edn, cuya fiesta celebramos el 11 de noviembre. Desde mediados del siglo XV, se crea en Hormilla un Mayorazgo bajo el apellido de los Londo\u00f1o. En Hormilla, sus titulares dispon\u00edan de Heredades, que alquilaban a sus habitantes bajo un concepto de renta perpetua, que dar\u00eda lugar a innumerables pleitos.","og_url":"https:\/\/myblog-z7zhjfk8i4.live-website.com\/?page_id=25","og_site_name":"Hormilla","og_image":[{"url":"https:\/\/myblog-z7zhjfk8i4.live-website.com\/wp-content\/uploads\/2023\/03\/27972332_737342843130799_3931595957816482656_n.jpg","type":"","width":"","height":""}],"twitter_card":"summary_large_image","twitter_misc":{"Tiempo de lectura":"2 minutos"},"schema":{"@context":"https:\/\/schema.org","@graph":[{"@type":"WebPage","@id":"https:\/\/myblog-z7zhjfk8i4.live-website.com\/?page_id=25","url":"https:\/\/myblog-z7zhjfk8i4.live-website.com\/?page_id=25","name":"HISTORIA - Hormilla","isPartOf":{"@id":"https:\/\/myblog-z7zhjfk8i4.live-website.com\/#website"},"primaryImageOfPage":{"@id":"https:\/\/myblog-z7zhjfk8i4.live-website.com\/?page_id=25#primaryimage"},"image":{"@id":"https:\/\/myblog-z7zhjfk8i4.live-website.com\/?page_id=25#primaryimage"},"thumbnailUrl":"https:\/\/myblog-z7zhjfk8i4.live-website.com\/wp-content\/uploads\/2023\/03\/27972332_737342843130799_3931595957816482656_n.jpg","datePublished":"2023-03-31T10:42:42+00:00","breadcrumb":{"@id":"https:\/\/myblog-z7zhjfk8i4.live-website.com\/?page_id=25#breadcrumb"},"inLanguage":"es","potentialAction":[{"@type":"ReadAction","target":["https:\/\/myblog-z7zhjfk8i4.live-website.com\/?page_id=25"]}]},{"@type":"ImageObject","inLanguage":"es","@id":"https:\/\/myblog-z7zhjfk8i4.live-website.com\/?page_id=25#primaryimage","url":"","contentUrl":""},{"@type":"BreadcrumbList","@id":"https:\/\/myblog-z7zhjfk8i4.live-website.com\/?page_id=25#breadcrumb","itemListElement":[{"@type":"ListItem","position":1,"name":"Portada","item":"https:\/\/myblog-z7zhjfk8i4.live-website.com\/"},{"@type":"ListItem","position":2,"name":"HISTORIA"}]},{"@type":"WebSite","@id":"https:\/\/myblog-z7zhjfk8i4.live-website.com\/#website","url":"https:\/\/myblog-z7zhjfk8i4.live-website.com\/","name":"Hormilla","description":"","potentialAction":[{"@type":"SearchAction","target":{"@type":"EntryPoint","urlTemplate":"https:\/\/myblog-z7zhjfk8i4.live-website.com\/?s={search_term_string}"},"query-input":{"@type":"PropertyValueSpecification","valueRequired":true,"valueName":"search_term_string"}}],"inLanguage":"es"}]}},"_links":{"self":[{"href":"https:\/\/myblog-z7zhjfk8i4.live-website.com\/index.php?rest_route=\/wp\/v2\/pages\/25","targetHints":{"allow":["GET"]}}],"collection":[{"href":"https:\/\/myblog-z7zhjfk8i4.live-website.com\/index.php?rest_route=\/wp\/v2\/pages"}],"about":[{"href":"https:\/\/myblog-z7zhjfk8i4.live-website.com\/index.php?rest_route=\/wp\/v2\/types\/page"}],"author":[{"embeddable":true,"href":"https:\/\/myblog-z7zhjfk8i4.live-website.com\/index.php?rest_route=\/wp\/v2\/users\/1"}],"replies":[{"embeddable":true,"href":"https:\/\/myblog-z7zhjfk8i4.live-website.com\/index.php?rest_route=%2Fwp%2Fv2%2Fcomments&post=25"}],"version-history":[{"count":2,"href":"https:\/\/myblog-z7zhjfk8i4.live-website.com\/index.php?rest_route=\/wp\/v2\/pages\/25\/revisions"}],"predecessor-version":[{"id":28,"href":"https:\/\/myblog-z7zhjfk8i4.live-website.com\/index.php?rest_route=\/wp\/v2\/pages\/25\/revisions\/28"}],"wp:attachment":[{"href":"https:\/\/myblog-z7zhjfk8i4.live-website.com\/index.php?rest_route=%2Fwp%2Fv2%2Fmedia&parent=25"}],"curies":[{"name":"wp","href":"https:\/\/api.w.org\/{rel}","templated":true}]}}