{"id":174,"date":"2023-03-31T14:07:34","date_gmt":"2023-03-31T14:07:34","guid":{"rendered":"https:\/\/myblog-z7zhjfk8i4.live-website.com\/?page_id=174"},"modified":"2023-03-31T14:07:35","modified_gmt":"2023-03-31T14:07:35","slug":"patrones-de-hormilla","status":"publish","type":"page","link":"https:\/\/myblog-z7zhjfk8i4.live-website.com\/?page_id=174","title":{"rendered":"PATRONES DE HORMILLA"},"content":{"rendered":"<h3 class=\"wp-block-heading\">15 Mayo SAN ISIDRO<\/h3><p>Patr\u00f3n de los agricultores y ganaderos, se celebra con un lunch popular<\/p><h3 class=\"wp-block-heading\">26 Julio SANTA ANA<\/h3><p>Patrona de Hormilla, la asociacion de la tercera edad celebra su festividad con una comida y una actuaci\u00f3n musical<\/p><h3 class=\"wp-block-heading\">11 de Noviembre SAN MART\u00cdN<\/h3><p>Patr\u00f3n de Hormilla se celebra con misa procesi\u00f3n y un aperitivo popular<\/p>","protected":false},"excerpt":{"rendered":"<p>15 Mayo SAN ISIDRO Patr\u00f3n de los agricultores y ganaderos, se celebra con un lunch popular 26 Julio SANTA ANA Patrona de Hormilla, la asociacion de la tercera edad celebra su festividad con una comida y una actuaci\u00f3n musical 11 de Noviembre SAN MART\u00cdN Patr\u00f3n de Hormilla se celebra con misa procesi\u00f3n y un aperitivo popular<\/p>\n","protected":false},"author":1,"featured_media":0,"parent":0,"menu_order":0,"comment_status":"closed","ping_status":"closed","template":"","meta":{"footnotes":""},"class_list":["post-174","page","type-page","status-publish","hentry"],"yoast_head":"<!-- This site is optimized with the Yoast SEO plugin v24.4 - https:\/\/yoast.com\/wordpress\/plugins\/seo\/ -->\n<title>PATRONES DE HORMILLA - Hormilla<\/title>\n<meta name=\"robots\" content=\"index, follow, max-snippet:-1, max-image-preview:large, max-video-preview:-1\" \/>\n<link rel=\"canonical\" href=\"https:\/\/myblog-z7zhjfk8i4.live-website.com\/?page_id=174\" \/>\n<meta property=\"og:locale\" content=\"es_ES\" \/>\n<meta property=\"og:type\" content=\"article\" \/>\n<meta property=\"og:title\" content=\"PATRONES DE HORMILLA - Hormilla\" \/>\n<meta property=\"og:description\" content=\"15 Mayo SAN ISIDRO Patr\u00f3n de los agricultores y ganaderos, se celebra con un lunch popular 26 Julio SANTA ANA Patrona de Hormilla, la asociacion de la tercera edad celebra su festividad con una comida y una actuaci\u00f3n musical 11 de Noviembre SAN MART\u00cdN Patr\u00f3n de Hormilla se celebra con misa procesi\u00f3n y un aperitivo popular\" \/>\n<meta property=\"og:url\" content=\"https:\/\/myblog-z7zhjfk8i4.live-website.com\/?page_id=174\" \/>\n<meta property=\"og:site_name\" content=\"Hormilla\" \/>\n<meta property=\"article:modified_time\" content=\"2023-03-31T14:07:35+00:00\" \/>\n<meta name=\"twitter:card\" content=\"summary_large_image\" \/>\n<script type=\"application\/ld+json\" class=\"yoast-schema-graph\">{\"@context\":\"https:\/\/schema.org\",\"@graph\":[{\"@type\":\"WebPage\",\"@id\":\"https:\/\/myblog-z7zhjfk8i4.live-website.com\/?page_id=174\",\"url\":\"https:\/\/myblog-z7zhjfk8i4.live-website.com\/?page_id=174\",\"name\":\"PATRONES DE HORMILLA - Hormilla\",\"isPartOf\":{\"@id\":\"https:\/\/myblog-z7zhjfk8i4.live-website.com\/#website\"},\"datePublished\":\"2023-03-31T14:07:34+00:00\",\"dateModified\":\"2023-03-31T14:07:35+00:00\",\"breadcrumb\":{\"@id\":\"https:\/\/myblog-z7zhjfk8i4.live-website.com\/?page_id=174#breadcrumb\"},\"inLanguage\":\"es\",\"potentialAction\":[{\"@type\":\"ReadAction\",\"target\":[\"https:\/\/myblog-z7zhjfk8i4.live-website.com\/?page_id=174\"]}]},{\"@type\":\"BreadcrumbList\",\"@id\":\"https:\/\/myblog-z7zhjfk8i4.live-website.com\/?page_id=174#breadcrumb\",\"itemListElement\":[{\"@type\":\"ListItem\",\"position\":1,\"name\":\"Portada\",\"item\":\"https:\/\/myblog-z7zhjfk8i4.live-website.com\/\"},{\"@type\":\"ListItem\",\"position\":2,\"name\":\"PATRONES DE HORMILLA\"}]},{\"@type\":\"WebSite\",\"@id\":\"https:\/\/myblog-z7zhjfk8i4.live-website.com\/#website\",\"url\":\"https:\/\/myblog-z7zhjfk8i4.live-website.com\/\",\"name\":\"Hormilla\",\"description\":\"\",\"potentialAction\":[{\"@type\":\"SearchAction\",\"target\":{\"@type\":\"EntryPoint\",\"urlTemplate\":\"https:\/\/myblog-z7zhjfk8i4.live-website.com\/?s={search_term_string}\"},\"query-input\":{\"@type\":\"PropertyValueSpecification\",\"valueRequired\":true,\"valueName\":\"search_term_string\"}}],\"inLanguage\":\"es\"}]}<\/script>\n<!-- \/ Yoast SEO plugin. -->","yoast_head_json":{"title":"PATRONES DE HORMILLA - Hormilla","robots":{"index":"index","follow":"follow","max-snippet":"max-snippet:-1","max-image-preview":"max-image-preview:large","max-video-preview":"max-video-preview:-1"},"canonical":"https:\/\/myblog-z7zhjfk8i4.live-website.com\/?page_id=174","og_locale":"es_ES","og_type":"article","og_title":"PATRONES DE HORMILLA - Hormilla","og_description":"15 Mayo SAN ISIDRO Patr\u00f3n de los agricultores y ganaderos, se celebra con un lunch popular 26 Julio SANTA ANA Patrona de Hormilla, la asociacion de la tercera edad celebra su festividad con una comida y una actuaci\u00f3n musical 11 de Noviembre SAN MART\u00cdN Patr\u00f3n de Hormilla se celebra con misa procesi\u00f3n y un aperitivo popular","og_url":"https:\/\/myblog-z7zhjfk8i4.live-website.com\/?page_id=174","og_site_name":"Hormilla","article_modified_time":"2023-03-31T14:07:35+00:00","twitter_card":"summary_large_image","schema":{"@context":"https:\/\/schema.org","@graph":[{"@type":"WebPage","@id":"https:\/\/myblog-z7zhjfk8i4.live-website.com\/?page_id=174","url":"https:\/\/myblog-z7zhjfk8i4.live-website.com\/?page_id=174","name":"PATRONES DE HORMILLA - Hormilla","isPartOf":{"@id":"https:\/\/myblog-z7zhjfk8i4.live-website.com\/#website"},"datePublished":"2023-03-31T14:07:34+00:00","dateModified":"2023-03-31T14:07:35+00:00","breadcrumb":{"@id":"https:\/\/myblog-z7zhjfk8i4.live-website.com\/?page_id=174#breadcrumb"},"inLanguage":"es","potentialAction":[{"@type":"ReadAction","target":["https:\/\/myblog-z7zhjfk8i4.live-website.com\/?page_id=174"]}]},{"@type":"BreadcrumbList","@id":"https:\/\/myblog-z7zhjfk8i4.live-website.com\/?page_id=174#breadcrumb","itemListElement":[{"@type":"ListItem","position":1,"name":"Portada","item":"https:\/\/myblog-z7zhjfk8i4.live-website.com\/"},{"@type":"ListItem","position":2,"name":"PATRONES DE HORMILLA"}]},{"@type":"WebSite","@id":"https:\/\/myblog-z7zhjfk8i4.live-website.com\/#website","url":"https:\/\/myblog-z7zhjfk8i4.live-website.com\/","name":"Hormilla","description":"","potentialAction":[{"@type":"SearchAction","target":{"@type":"EntryPoint","urlTemplate":"https:\/\/myblog-z7zhjfk8i4.live-website.com\/?s={search_term_string}"},"query-input":{"@type":"PropertyValueSpecification","valueRequired":true,"valueName":"search_term_string"}}],"inLanguage":"es"}]}},"_links":{"self":[{"href":"https:\/\/myblog-z7zhjfk8i4.live-website.com\/index.php?rest_route=\/wp\/v2\/pages\/174","targetHints":{"allow":["GET"]}}],"collection":[{"href":"https:\/\/myblog-z7zhjfk8i4.live-website.com\/index.php?rest_route=\/wp\/v2\/pages"}],"about":[{"href":"https:\/\/myblog-z7zhjfk8i4.live-website.com\/index.php?rest_route=\/wp\/v2\/types\/page"}],"author":[{"embeddable":true,"href":"https:\/\/myblog-z7zhjfk8i4.live-website.com\/index.php?rest_route=\/wp\/v2\/users\/1"}],"replies":[{"embeddable":true,"href":"https:\/\/myblog-z7zhjfk8i4.live-website.com\/index.php?rest_route=%2Fwp%2Fv2%2Fcomments&post=174"}],"version-history":[{"count":1,"href":"https:\/\/myblog-z7zhjfk8i4.live-website.com\/index.php?rest_route=\/wp\/v2\/pages\/174\/revisions"}],"predecessor-version":[{"id":175,"href":"https:\/\/myblog-z7zhjfk8i4.live-website.com\/index.php?rest_route=\/wp\/v2\/pages\/174\/revisions\/175"}],"wp:attachment":[{"href":"https:\/\/myblog-z7zhjfk8i4.live-website.com\/index.php?rest_route=%2Fwp%2Fv2%2Fmedia&parent=174"}],"curies":[{"name":"wp","href":"https:\/\/api.w.org\/{rel}","templated":true}]}}